{"id":16255,"date":"2024-03-06T11:24:21","date_gmt":"2024-03-06T11:24:21","guid":{"rendered":"https:\/\/www.cooptecnica.pt\/wp\/?page_id=16255"},"modified":"2024-04-11T14:04:34","modified_gmt":"2024-04-11T14:04:34","slug":"erasmus","status":"publish","type":"page","link":"https:\/\/www.cooptecnica.pt\/wp\/erasmus\/","title":{"rendered":"ERASMUS +"},"content":{"rendered":"<p>[vc_row][vc_column][vc_single_image image=&#8221;16261&#8243; img_size=&#8221;full&#8221;][\/vc_column][\/vc_row][vc_row][vc_column][vc_column_text]<strong>ERASMUS+ \u00ba 2023-1-PT01-KA121-ADU-000123575<\/strong><\/p>\n<p>Entidade Acreditada 2021-1-PT01-KA120-ADU-000046749<\/p>\n<p>&nbsp;<\/p>\n<p>Curso Estruturado\u00a0<strong>MULTICULTURAL AND INTERCULTURAL EDUCATION<\/strong>,<\/p>\n<p>04 de mar\u00e7o a 08 de mar\u00e7o de 2024.<\/p>\n<p>Local: M\u00e1laga, Espanha<\/p>\n<p>&nbsp;<\/p>\n<p><strong>OBJETIVO DO PROJETO<\/strong><\/p>\n<p>(A\u00e7\u00e3o-Chave 1 \u2013 Educa\u00e7\u00e3o de Adultos \u2013 Mobilidade para aprendente e pessoal da educa\u00e7\u00e3o de adultos)<\/p>\n<p>O Erasmus + \u00e9 um programa financiado pela Uni\u00e3o Europeia nos dom\u00ednios da educa\u00e7\u00e3o, da forma\u00e7\u00e3o, da juventude e do desporto. A A\u00e7\u00e3o-Chave 1 (KA1) do Programa Erasmus+ promove a forma\u00e7\u00e3o internacional de estudantes, docentes e outros profissionais das organiza\u00e7\u00f5es ligadas \u00e0 educa\u00e7\u00e3o e forma\u00e7\u00e3o. No \u00e2mbito deste projeto, a equipa do Centro Qualifica do Entroncamento poder\u00e1 realizar cursos estruturados, no \u00e2mbito das novas tecnologias, no estrangeiro.<\/p>\n<p><strong>Acredita\u00e7\u00e3o &amp; Plano Erasmus+<\/strong><\/p>\n<p>Com a presente acredita\u00e7\u00e3o, 2021-2027 esperamos beneficiar ao n\u00edvel institucional de novas compet\u00eancias que nos permitam tamb\u00e9m alcan\u00e7ar a internacionaliza\u00e7\u00e3o do servi\u00e7o e contribuir ativamente para a cria\u00e7\u00e3o do Espa\u00e7o Europeu da Educa\u00e7\u00e3o.<\/p>\n<p>A participa\u00e7\u00e3o em projetos Erasmus+ enquadra-se numa estrat\u00e9gia de melhoria da qualidade dos processo e de internacionaliza\u00e7\u00e3o. As experi\u00eancias anteriores permitiram-nos adquirir compet\u00eancia sociais, culturais e lingu\u00edsticas, significativas para a comunidade educativa e comunidade local.<\/p>\n<p>O Plano Erasmus+ tra\u00e7ado \u00e9 resultado de um trabalho em equipa, pensado desde 2020, ap\u00f3s os resultados obtidos com a implementa\u00e7\u00e3o do nosso sistema de qualidade e da monitoriza\u00e7\u00e3o por parte da Ag\u00eancia que regula o nosso servi\u00e7o, que motivou um processo de reflex\u00e3o interno. Deste processo de reflex\u00e3o, apoiado pela Dire\u00e7\u00e3o de polo e pelo Gabinete de Rela\u00e7\u00f5es Internacionais, surgiu a procura de estrat\u00e9gias\/t\u00e9cnicas metodol\u00f3gicas que reforcem o papel do Centro Qualifica Gustave Eiffel na educa\u00e7\u00e3o de adultos. Queremos melhorar o nosso servi\u00e7o, sem nos afastar dos crit\u00e9rios de qualidade que seguimos, inovar os nossos m\u00e9todos e aumentar a visibilidade do Centro Qualifica CRL.. Neste \u00e2mbito a internacionaliza\u00e7\u00e3o do servi\u00e7o \u00e9 estruturante para esta ambi\u00e7\u00e3o<\/p>\n<p>Tendo em conta os objetivos que esperamos alcan\u00e7ar, pretendemos envolver o maior n\u00famero de profissionais do Centro Qualifica, de modo a que, de forma gradual, todos possam participar em atividades de mobilidade. Tamb\u00e9m consideramos que s\u00f3 ap\u00f3s consolidar as nossas compet\u00eancias para trabalhar com o p\u00fablico que servimos ser\u00e1 poss\u00edvel envolver os adultos em mobilidade, de forma gradual.<\/p>\n<p><strong>Objectivos:<\/strong><\/p>\n<p>1 &#8211; Aumentar a taxa de conclus\u00e3o dos processos de Reconhecimento Valida\u00e7\u00e3o e Certifica\u00e7\u00e3o de Compet\u00eancias em 50%, no espa\u00e7o de quatro anos.<\/p>\n<p>2 &#8211; Desenvolver metodologias de trabalho inovadoras, atrav\u00e9s da implementa\u00e7\u00e3o de 3 projetos de inova\u00e7\u00e3o t\u00e9cnico-pedag\u00f3gica at\u00e9 2024, que permitam promover a inclus\u00e3o e a igualdade de oportunidades<\/p>\n<p>3 &#8211; Refor\u00e7ar a dimens\u00e3o Internacional da Coopt\u00e9cnica Gustave Eiffel CRL., a atrav\u00e9s do aumento do n\u00famero de profissionais envolvidos nas mobilidades.<\/p>\n<p>Para o per\u00edodo de 2023\/2024 est\u00e3o previstas 6 mobilidades de formadores e profissionais de educa\u00e7\u00e3o e forma\u00e7\u00e3o.<\/p>\n<p><strong>PROCESSO DE SELE\u00c7\u00c3O<\/strong><\/p>\n<p>O projeto destina-se \u00e0 equipa do servi\u00e7o Centro Qualifica, docentes e profissionais de educa\u00e7\u00e3o e forma\u00e7\u00e3o.<\/p>\n<p>A sele\u00e7\u00e3o dos elementos para mobilidade \u00e9 feita atrav\u00e9s de candidatura, cuja pondera\u00e7\u00e3o \u00e9 dividida em duas partes iguais, 50% \u00e9 atribu\u00eddo an\u00e1lise curricular e documental (carta motiva\u00e7\u00e3o, formul\u00e1rio, Europass Curriculum vitae) e os outros 50% s\u00e3o atribu\u00eddos \u00e0 entrevista. A pontua\u00e7\u00e3o final \u00e9 expressa numa escala de 0 a 20 valores.<\/p>\n<p>Os colaboradores selecionados para participar no projeto t\u00eam direito \u00e0 viagem, seguro, alojamento e um apoio individual (pocket Money para alimenta\u00e7\u00e3o e transportes locais) e tamb\u00e9m forma\u00e7\u00e3o lingu\u00edstica consoante o destino.<\/p>\n<p><strong>DOCUMENTOS PARA A CANDIDATURA:<\/strong><\/p>\n<p><strong>Documentos obrigat\u00f3rio para a candidatura<\/strong><\/p>\n<ol>\n<li>Preenchimento de formul\u00e1rio pr\u00f3prio (<a href=\"https:\/\/www.cooptecnica.pt\/wp\/wp-content\/uploads\/2024\/03\/01_FichaCandidaturaErasmusCQ2023.pdf\">Descarregar modelo<\/a>)<\/li>\n<li>Curriculum Vitae obrigatoriamente no modelo Europass, com descri\u00e7\u00e3o do dom\u00ednio lingu\u00edstico (<a href=\"https:\/\/www.cooptecnica.pt\/wp\/wp-content\/uploads\/2024\/03\/02_CV_Europass_Modelo.doc\">Descarregar modelo<\/a>)<\/li>\n<li>Passaporte L\u00ednguas\\ no modelo Europass (<a href=\"https:\/\/www.cooptecnica.pt\/wp\/wp-content\/uploads\/2024\/03\/03_PassaporteLinguas_Europass_Modelo.doc\">Descarregar modelo<\/a>)<\/li>\n<li>Carta de Motiva\u00e7\u00e3o com m\u00ednimo de 3000 caracteres e m\u00e1ximo de 5000, incluindo espa\u00e7amentos (<a href=\"https:\/\/www.cooptecnica.pt\/wp\/wp-content\/uploads\/2024\/03\/04_Modelo_CartaMotivacao-CQ_2023.doc\">Descarregar modelo<\/a>)<\/li>\n<\/ol>\n<p>&nbsp;<\/p>\n<h4><strong>\u00bb Crit\u00e9rios de Avalia\u00e7\u00e3o<\/strong><\/h4>\n<p><strong><img loading=\"lazy\" decoding=\"async\" class=\"alignnone wp-image-16296\" src=\"https:\/\/www.cooptecnica.pt\/wp\/wp-content\/uploads\/2024\/04\/criterios-de-avaliacao2.jpg\" alt=\"\" width=\"575\" height=\"344\" srcset=\"https:\/\/www.cooptecnica.pt\/wp\/wp-content\/uploads\/2024\/04\/criterios-de-avaliacao2.jpg 775w, https:\/\/www.cooptecnica.pt\/wp\/wp-content\/uploads\/2024\/04\/criterios-de-avaliacao2-300x179.jpg 300w, https:\/\/www.cooptecnica.pt\/wp\/wp-content\/uploads\/2024\/04\/criterios-de-avaliacao2-768x459.jpg 768w, https:\/\/www.cooptecnica.pt\/wp\/wp-content\/uploads\/2024\/04\/criterios-de-avaliacao2-230x137.jpg 230w, https:\/\/www.cooptecnica.pt\/wp\/wp-content\/uploads\/2024\/04\/criterios-de-avaliacao2-350x209.jpg 350w, https:\/\/www.cooptecnica.pt\/wp\/wp-content\/uploads\/2024\/04\/criterios-de-avaliacao2-480x287.jpg 480w\" sizes=\"auto, (max-width: 575px) 100vw, 575px\" \/><\/strong><\/p>\n<h4>\u00bb Divulga\u00e7\u00e3o de resultados:<\/h4>\n<ul>\n<li><strong><a href=\"https:\/\/www.cooptecnica.pt\/wp\/wp-content\/uploads\/2024\/04\/lista-de-candidatos.pdf\" target=\"_blank\" rel=\"noopener\">Lista de candidatos<\/a><\/strong><\/li>\n<li><strong><a href=\"https:\/\/www.cooptecnica.pt\/wp\/wp-content\/uploads\/2024\/04\/lista-de-candidatos_resultados.pdf\" target=\"_blank\" rel=\"noopener\">Lista de candidatos selecionados<\/a><\/strong><\/li>\n<\/ul>\n<p>&nbsp;<\/p>\n<p><strong>Em caso de d\u00favida, contactar:<\/strong><\/p>\n<p>Email: <a href=\"mailto:andrea.antonio@gustaveeiffel.pt\">andrea.antonio@gustaveeiffel.pt<\/a> \/ <a href=\"mailto:monica.ramos@gustaveeiffel.pt\">monica.ramos@gustaveeiffel.pt<\/a><\/p>\n<p>Telefone: 249 717 055 (chamada para a rede fixa nacional)<\/p>\n<p>Telem\u00f3vel: 910 532 381 (chamada para a rede m\u00f3vel nacional)[\/vc_column_text][\/vc_column][\/vc_row][vc_row][vc_column][vc_column_text]<\/p>\n<p>I am text block. Click edit button to change this text. Lorem ipsum dolor sit amet, consectetur adipiscing elit. Ut elit tellus, luctus nec ullamcorper mattis, pulvinar dapibus leo.<\/p>\n<p>[\/vc_column_text][\/vc_column][\/vc_row]<\/p>\n","protected":false},"excerpt":{"rendered":"<p>[vc_row][vc_column][vc_single_image image=&#8221;16261&#8243; img_size=&#8221;full&#8221;][\/vc_column][\/vc_row][vc_row][vc_column][vc_column_text]ERASMUS+ \u00ba 2023-1-PT01-KA121-ADU-000123575 Entidade Acreditada 2021-1-PT01-KA120-ADU-000046749 &nbsp; Curso Estruturado\u00a0MULTICULTURAL AND [&hellip;]<\/p>\n","protected":false},"author":2,"featured_media":0,"parent":0,"menu_order":0,"comment_status":"closed","ping_status":"closed","template":"","meta":{"footnotes":""},"class_list":["post-16255","page","type-page","status-publish","hentry"],"_links":{"self":[{"href":"https:\/\/www.cooptecnica.pt\/wp\/wp-json\/wp\/v2\/pages\/16255","targetHints":{"allow":["GET"]}}],"collection":[{"href":"https:\/\/www.cooptecnica.pt\/wp\/wp-json\/wp\/v2\/pages"}],"about":[{"href":"https:\/\/www.cooptecnica.pt\/wp\/wp-json\/wp\/v2\/types\/page"}],"author":[{"embeddable":true,"href":"https:\/\/www.cooptecnica.pt\/wp\/wp-json\/wp\/v2\/users\/2"}],"replies":[{"embeddable":true,"href":"https:\/\/www.cooptecnica.pt\/wp\/wp-json\/wp\/v2\/comments?post=16255"}],"version-history":[{"count":4,"href":"https:\/\/www.cooptecnica.pt\/wp\/wp-json\/wp\/v2\/pages\/16255\/revisions"}],"predecessor-version":[{"id":16301,"href":"https:\/\/www.cooptecnica.pt\/wp\/wp-json\/wp\/v2\/pages\/16255\/revisions\/16301"}],"wp:attachment":[{"href":"https:\/\/www.cooptecnica.pt\/wp\/wp-json\/wp\/v2\/media?parent=16255"}],"curies":[{"name":"wp","href":"https:\/\/api.w.org\/{rel}","templated":true}]}}